{"id":223325,"date":"2023-08-04T10:59:38","date_gmt":"2023-08-04T10:59:38","guid":{"rendered":"https:\/\/aktiftechweb.azurewebsites.net\/?page_id=223325"},"modified":"2024-05-28T19:51:49","modified_gmt":"2024-05-28T19:51:49","slug":"our-certificates","status":"publish","type":"page","link":"https:\/\/www.aktiftech.com\/tr\/our-certificates\/","title":{"rendered":"Our certificates"},"content":{"rendered":"<p>[et_pb_section fb_built=&#8221;1&#8243; custom_padding_last_edited=&#8221;on|desktop&#8221; admin_label=&#8221;Getting Paid&#8221; _builder_version=&#8221;4.16&#8243; _module_preset=&#8221;default&#8221; background_color=&#8221;#212529&#8243; background_color_gradient_direction=&#8221;270deg&#8221; background_blend=&#8221;overlay&#8221; custom_margin=&#8221;|||&#8221; custom_padding=&#8221;100px|0px|100px|0px&#8221; custom_padding_tablet=&#8221;&#8221; custom_padding_phone=&#8221;&#8221; animation_direction=&#8221;right&#8221; border_radii=&#8221;||0px|0px|&#8221; border_width_all=&#8221;0px&#8221; border_color_all=&#8221;#333333&#8243; border_style_all=&#8221;solid&#8221; box_shadow_style=&#8221;preset6&#8243; box_shadow_horizontal=&#8221;50px&#8221; box_shadow_blur=&#8221;100px&#8221; box_shadow_color=&#8221;rgba(0,0,0,0.1)&#8221; box_shadow_position=&#8221;outer&#8221; locked=&#8221;off&#8221; collapsed=&#8221;on&#8221; global_colors_info=&#8221;{}&#8221;][et_pb_row column_structure=&#8221;1_2,1_2&#8243; admin_label=&#8221;Getting Paid&#8221; _builder_version=&#8221;4.16&#8243; _module_preset=&#8221;default&#8221; custom_margin=&#8221;|||&#8221; locked=&#8221;off&#8221; global_colors_info=&#8221;{}&#8221;][et_pb_column type=&#8221;1_2&#8243; _builder_version=&#8221;4.16&#8243; _module_preset=&#8221;default&#8221; custom_padding=&#8221;|||&#8221; global_colors_info=&#8221;{}&#8221; custom_padding__hover=&#8221;|||&#8221;][et_pb_text _builder_version=&#8221;4.17.4&#8243; _module_preset=&#8221;default&#8221; text_font=&#8221;PT Sans|700|||||||&#8221; text_text_color=&#8221;#4daaf2&#8243; text_font_size=&#8221;20px&#8221; header_font=&#8221;||||||||&#8221; global_colors_info=&#8221;{}&#8221;]<\/p>\n<p>AKT\u0130FTECH TEKNOLOJ\u0130 A.\u015e.<\/p>\n<p>[\/et_pb_text][\/et_pb_column][et_pb_column type=&#8221;1_2&#8243; _builder_version=&#8221;4.16&#8243; _module_preset=&#8221;default&#8221; custom_padding=&#8221;|||&#8221; global_colors_info=&#8221;{}&#8221; custom_padding__hover=&#8221;|||&#8221;][\/et_pb_column][\/et_pb_row][et_pb_row column_structure=&#8221;1_5,1_5,1_5,1_5,1_5&#8243; use_custom_gutter=&#8221;on&#8221; gutter_width=&#8221;2&#8243; column_padding_mobile=&#8221;on&#8221; custom_padding_last_edited=&#8221;on|desktop&#8221; _builder_version=&#8221;4.16&#8243; _module_preset=&#8221;default&#8221; use_background_color_gradient=&#8221;on&#8221; background_color_gradient_direction=&#8221;90deg&#8221; background_color_gradient_stops=&#8221;#6cdfee 0%|#538bf8 100%&#8221; background_color_gradient_start=&#8221;#6cdfee&#8221; background_color_gradient_end=&#8221;#538bf8&#8243; background_size=&#8221;initial&#8221; background_position=&#8221;top_left&#8221; background_repeat=&#8221;repeat&#8221; width=&#8221;90%&#8221; max_width=&#8221;90%&#8221; custom_margin=&#8221;|||0px&#8221; custom_padding=&#8221;60px|10%|60px|20%&#8221; custom_padding_tablet=&#8221;100px||100px|10%&#8221; custom_padding_phone=&#8221;|||&#8221; animation_style=&#8221;slide&#8221; animation_direction=&#8221;left&#8221; animation_intensity_slide=&#8221;5%&#8221; animation_starting_opacity=&#8221;100%&#8221; border_radii=&#8221;||200px|200px|&#8221; box_shadow_style=&#8221;preset4&#8243; box_shadow_horizontal=&#8221;30px&#8221; box_shadow_vertical=&#8221;0px&#8221; box_shadow_color=&#8221;rgba(255,255,255,0.2)&#8221; use_custom_width=&#8221;on&#8221; width_unit=&#8221;off&#8221; custom_width_percent=&#8221;90%&#8221; global_colors_info=&#8221;{}&#8221;][et_pb_column type=&#8221;1_5&#8243; _builder_version=&#8221;4.16&#8243; _module_preset=&#8221;default&#8221; custom_padding=&#8221;|||&#8221; global_colors_info=&#8221;{}&#8221; custom_padding__hover=&#8221;|||&#8221;][et_pb_blurb image=&#8221;\/wp-content\/uploads\/2023\/08\/MX-2614N_20230728_152247-1.png&#8221; image_icon_width=&#8221;70%&#8221; module_class=&#8221;non-translate&#8221; _builder_version=&#8221;4.17.4&#8243; _module_preset=&#8221;default&#8221; header_font=&#8221;PT Sans|700|||||||&#8221; header_line_height=&#8221;1.3em&#8221; body_font=&#8221;PT Sans||||||||&#8221; body_font_size=&#8221;16px&#8221; body_line_height=&#8221;1.8em&#8221; background_color=&#8221;#ffffff&#8221; text_orientation=&#8221;center&#8221; custom_margin=&#8221;|||&#8221; custom_padding=&#8221;30px|30px|30px|30px&#8221; border_radii=&#8221;on|10px|10px|10px|10px&#8221; box_shadow_style=&#8221;preset1&#8243; box_shadow_vertical=&#8221;10px&#8221; box_shadow_blur=&#8221;60px&#8221; box_shadow_color=&#8221;rgba(0,0,0,0.1)&#8221; image_max_width=&#8221;70%&#8221; locked=&#8221;off&#8221; global_colors_info=&#8221;{}&#8221;]<\/p>\n<h3><a href=\"\/wp-content\/uploads\/2023\/08\/MX-2614N_20230728_152258.pdf\" target=\"_blank\" rel=\"noopener\"><strong>TS EN ISO 27001:2013<span style=\"color: #ffffff;\"><\/span><\/strong><\/a><\/h3>\n<p>[\/et_pb_blurb][\/et_pb_column][et_pb_column type=&#8221;1_5&#8243; _builder_version=&#8221;4.16&#8243; _module_preset=&#8221;default&#8221; custom_padding=&#8221;|||&#8221; global_colors_info=&#8221;{}&#8221; custom_padding__hover=&#8221;|||&#8221;][et_pb_blurb image=&#8221;\/wp-content\/uploads\/2023\/08\/MX-2614N_20230728_152200-1.png&#8221; image_icon_width=&#8221;70%&#8221; module_class=&#8221;non-translate&#8221; _builder_version=&#8221;4.17.4&#8243; _module_preset=&#8221;default&#8221; header_font=&#8221;PT Sans|700|||||||&#8221; header_line_height=&#8221;1.3em&#8221; body_font=&#8221;PT Sans||||||||&#8221; body_font_size=&#8221;16px&#8221; body_line_height=&#8221;1.8em&#8221; background_color=&#8221;#ffffff&#8221; text_orientation=&#8221;center&#8221; custom_margin=&#8221;|||&#8221; custom_padding=&#8221;30px|30px|30px|30px&#8221; border_radii=&#8221;on|10px|10px|10px|10px&#8221; box_shadow_style=&#8221;preset1&#8243; box_shadow_vertical=&#8221;10px&#8221; box_shadow_blur=&#8221;60px&#8221; box_shadow_color=&#8221;rgba(0,0,0,0.1)&#8221; image_max_width=&#8221;70%&#8221; locked=&#8221;off&#8221; global_colors_info=&#8221;{}&#8221;]<\/p>\n<h3><strong><a href=\"\/wp-content\/uploads\/2023\/08\/MX-2614N_20230728_152212.pdf\" target=\"_blank\" rel=\"noopener\">TS EN ISO 22301:2019<span style=\"color: #ffffff;\"><\/span><\/a><\/strong><\/h3>\n<p>[\/et_pb_blurb][\/et_pb_column][et_pb_column type=&#8221;1_5&#8243; _builder_version=&#8221;4.16&#8243; _module_preset=&#8221;default&#8221; custom_padding=&#8221;|||&#8221; global_colors_info=&#8221;{}&#8221; custom_padding__hover=&#8221;|||&#8221;][et_pb_blurb image=&#8221;\/wp-content\/uploads\/2023\/08\/MX-2614N_20230728_152224-1.png&#8221; image_icon_width=&#8221;70%&#8221; module_class=&#8221;non-translate&#8221; _builder_version=&#8221;4.17.4&#8243; _module_preset=&#8221;default&#8221; header_font=&#8221;PT Sans|700|||||||&#8221; header_line_height=&#8221;1.3em&#8221; body_font=&#8221;PT Sans||||||||&#8221; body_font_size=&#8221;16px&#8221; body_line_height=&#8221;1.8em&#8221; background_color=&#8221;#ffffff&#8221; text_orientation=&#8221;center&#8221; custom_margin=&#8221;|||&#8221; custom_padding=&#8221;30px|30px|30px|30px&#8221; link_option_url_new_window=&#8221;on&#8221; border_radii=&#8221;on|10px|10px|10px|10px&#8221; box_shadow_style=&#8221;preset1&#8243; box_shadow_vertical=&#8221;10px&#8221; box_shadow_blur=&#8221;60px&#8221; box_shadow_color=&#8221;rgba(0,0,0,0.1)&#8221; image_max_width=&#8221;70%&#8221; locked=&#8221;off&#8221; global_colors_info=&#8221;{}&#8221;]<\/p>\n<h3><a href=\"\/wp-content\/uploads\/2023\/08\/MX-2614N_20230728_152235.pdf\" target=\"_blank\" rel=\"noopener\"><strong>ISO 20000-1:2018<\/strong><\/a><\/h3>\n<p>[\/et_pb_blurb][\/et_pb_column][et_pb_column type=&#8221;1_5&#8243; _builder_version=&#8221;4.16&#8243; _module_preset=&#8221;default&#8221; custom_padding=&#8221;|||&#8221; global_colors_info=&#8221;{}&#8221; custom_padding__hover=&#8221;|||&#8221;][et_pb_blurb image=&#8221;\/wp-content\/uploads\/2024\/05\/MX-2614N_20240527_152341-1.png&#8221; image_icon_width=&#8221;70%&#8221; module_class=&#8221;non-translate&#8221; _builder_version=&#8221;4.17.4&#8243; _module_preset=&#8221;default&#8221; header_font=&#8221;PT Sans|700|||||||&#8221; header_line_height=&#8221;1.3em&#8221; body_font=&#8221;PT Sans||||||||&#8221; body_font_size=&#8221;16px&#8221; body_line_height=&#8221;1.8em&#8221; background_color=&#8221;#ffffff&#8221; text_orientation=&#8221;center&#8221; custom_margin=&#8221;|||&#8221; custom_padding=&#8221;30px|30px|30px|30px&#8221; link_option_url_new_window=&#8221;on&#8221; border_radii=&#8221;on|10px|10px|10px|10px&#8221; box_shadow_style=&#8221;preset1&#8243; box_shadow_vertical=&#8221;10px&#8221; box_shadow_blur=&#8221;60px&#8221; box_shadow_color=&#8221;rgba(0,0,0,0.1)&#8221; image_max_width=&#8221;70%&#8221; locked=&#8221;off&#8221; global_colors_info=&#8221;{}&#8221;]<\/p>\n<h3><a href=\"\/wp-content\/uploads\/2024\/05\/MX-2614N_20240527_152352.pdf\" target=\"_blank\" rel=\"noopener\"><strong>ISO\/IEC 27017:2021\u00a0<\/strong><\/a><\/h3>\n<p>[\/et_pb_blurb][\/et_pb_column][et_pb_column type=&#8221;1_5&#8243; _builder_version=&#8221;4.16&#8243; _module_preset=&#8221;default&#8221; custom_padding=&#8221;|||&#8221; global_colors_info=&#8221;{}&#8221; custom_padding__hover=&#8221;|||&#8221;][et_pb_blurb image=&#8221;\/wp-content\/uploads\/2024\/05\/MX-2614N_20240527_152417-1.png&#8221; image_icon_width=&#8221;70%&#8221; module_class=&#8221;non-translate&#8221; _builder_version=&#8221;4.17.4&#8243; _module_preset=&#8221;default&#8221; header_font=&#8221;PT Sans|700|||||||&#8221; header_line_height=&#8221;1.3em&#8221; body_font=&#8221;PT Sans||||||||&#8221; body_font_size=&#8221;16px&#8221; body_line_height=&#8221;1.8em&#8221; background_color=&#8221;#ffffff&#8221; text_orientation=&#8221;center&#8221; custom_margin=&#8221;|||&#8221; custom_padding=&#8221;30px|30px|30px|30px&#8221; link_option_url_new_window=&#8221;on&#8221; hover_enabled=&#8221;0&#8243; border_radii=&#8221;on|10px|10px|10px|10px&#8221; box_shadow_style=&#8221;preset1&#8243; box_shadow_vertical=&#8221;10px&#8221; box_shadow_blur=&#8221;60px&#8221; box_shadow_color=&#8221;rgba(0,0,0,0.1)&#8221; image_max_width=&#8221;70%&#8221; locked=&#8221;off&#8221; global_colors_info=&#8221;{}&#8221; sticky_enabled=&#8221;0&#8243;]<\/p>\n<h3><a href=\"\/wp-content\/uploads\/2024\/05\/MX-2614N_20240527_152329.pdf\" target=\"_blank\" rel=\"noopener\"><strong>TS ISO\/IEC 27701:2019<\/strong><\/a><\/h3>\n<p>[\/et_pb_blurb][\/et_pb_column][\/et_pb_row][\/et_pb_section][et_pb_section fb_built=&#8221;1&#8243; custom_padding_last_edited=&#8221;on|desktop&#8221; admin_label=&#8221;Getting Paid&#8221; _builder_version=&#8221;4.16&#8243; _module_preset=&#8221;default&#8221; background_color=&#8221;#212529&#8243; background_color_gradient_direction=&#8221;270deg&#8221; background_blend=&#8221;overlay&#8221; custom_margin=&#8221;|||&#8221; custom_padding=&#8221;100px|0px|100px|0px&#8221; custom_padding_tablet=&#8221;&#8221; custom_padding_phone=&#8221;&#8221; animation_direction=&#8221;right&#8221; border_radii=&#8221;||0px|0px|&#8221; border_width_all=&#8221;0px&#8221; border_color_all=&#8221;#333333&#8243; border_style_all=&#8221;solid&#8221; box_shadow_style=&#8221;preset6&#8243; box_shadow_horizontal=&#8221;50px&#8221; box_shadow_blur=&#8221;100px&#8221; box_shadow_color=&#8221;rgba(0,0,0,0.1)&#8221; box_shadow_position=&#8221;outer&#8221; collapsed=&#8221;on&#8221; global_colors_info=&#8221;{}&#8221;][et_pb_row column_structure=&#8221;1_2,1_2&#8243; admin_label=&#8221;Getting Paid&#8221; _builder_version=&#8221;4.16&#8243; _module_preset=&#8221;default&#8221; custom_margin=&#8221;|||&#8221; global_colors_info=&#8221;{}&#8221;][et_pb_column type=&#8221;1_2&#8243; _builder_version=&#8221;4.16&#8243; _module_preset=&#8221;default&#8221; custom_padding=&#8221;|||&#8221; global_colors_info=&#8221;{}&#8221; custom_padding__hover=&#8221;|||&#8221;][et_pb_text _builder_version=&#8221;4.17.4&#8243; _module_preset=&#8221;default&#8221; text_font=&#8221;PT Sans|700|||||||&#8221; text_text_color=&#8221;#4daaf2&#8243; text_font_size=&#8221;20px&#8221; header_font=&#8221;||||||||&#8221; global_colors_info=&#8221;{}&#8221;]<\/p>\n<p>AKT\u0130F YATIRIM BANKASI A.\u015e.<\/p>\n<p>[\/et_pb_text][\/et_pb_column][et_pb_column type=&#8221;1_2&#8243; _builder_version=&#8221;4.16&#8243; _module_preset=&#8221;default&#8221; custom_padding=&#8221;|||&#8221; global_colors_info=&#8221;{}&#8221; custom_padding__hover=&#8221;|||&#8221;][\/et_pb_column][\/et_pb_row][et_pb_row column_structure=&#8221;1_3,1_3,1_3&#8243; use_custom_gutter=&#8221;on&#8221; gutter_width=&#8221;2&#8243; column_padding_mobile=&#8221;on&#8221; custom_padding_last_edited=&#8221;on|tablet&#8221; _builder_version=&#8221;4.16&#8243; _module_preset=&#8221;default&#8221; use_background_color_gradient=&#8221;on&#8221; background_color_gradient_direction=&#8221;90deg&#8221; background_color_gradient_stops=&#8221;#6cdfee 0%|#538bf8 100%&#8221; background_color_gradient_start=&#8221;#6cdfee&#8221; background_color_gradient_end=&#8221;#538bf8&#8243; background_size=&#8221;initial&#8221; background_position=&#8221;top_left&#8221; background_repeat=&#8221;repeat&#8221; width=&#8221;90%&#8221; max_width=&#8221;90%&#8221; custom_margin=&#8221;|0px||&#8221; custom_padding=&#8221;60px|20%|60px|10%&#8221; custom_padding_tablet=&#8221;100px|10%|100px|10%&#8221; custom_padding_phone=&#8221;|||&#8221; animation_style=&#8221;slide&#8221; animation_direction=&#8221;right&#8221; animation_intensity_slide=&#8221;5%&#8221; animation_starting_opacity=&#8221;100%&#8221; border_radii=&#8221;|200px|||200px&#8221; box_shadow_style=&#8221;preset4&#8243; box_shadow_horizontal=&#8221;-30px&#8221; box_shadow_vertical=&#8221;0px&#8221; box_shadow_color=&#8221;rgba(255,255,255,0.2)&#8221; use_custom_width=&#8221;on&#8221; width_unit=&#8221;off&#8221; custom_width_percent=&#8221;90%&#8221; global_colors_info=&#8221;{}&#8221;][et_pb_column type=&#8221;1_3&#8243; _builder_version=&#8221;4.16&#8243; _module_preset=&#8221;default&#8221; custom_padding=&#8221;|||&#8221; global_colors_info=&#8221;{}&#8221; custom_padding__hover=&#8221;|||&#8221;][et_pb_blurb image=&#8221;\/wp-content\/uploads\/2023\/08\/MX-2614N_20230728_152330-1.png&#8221; image_icon_width=&#8221;70%&#8221; _builder_version=&#8221;4.17.4&#8243; _module_preset=&#8221;default&#8221; header_font=&#8221;PT Sans|700|||||||&#8221; header_line_height=&#8221;1.3em&#8221; body_font=&#8221;PT Sans||||||||&#8221; body_font_size=&#8221;16px&#8221; body_line_height=&#8221;1.8em&#8221; background_color=&#8221;#ffffff&#8221; text_orientation=&#8221;center&#8221; custom_margin=&#8221;|||&#8221; custom_padding=&#8221;30px|30px|30px|30px&#8221; link_option_url_new_window=&#8221;on&#8221; border_radii=&#8221;on|10px|10px|10px|10px&#8221; box_shadow_style=&#8221;preset1&#8243; box_shadow_vertical=&#8221;10px&#8221; box_shadow_blur=&#8221;60px&#8221; box_shadow_color=&#8221;rgba(0,0,0,0.1)&#8221; image_max_width=&#8221;70%&#8221; global_colors_info=&#8221;{}&#8221;]<\/p>\n<h3><a href=\"\/wp-content\/uploads\/2023\/08\/MX-2614N_20230728_152343.pdf\" target=\"_blank\" rel=\"noopener\"><strong>TS EN ISO 27001:2013<\/strong><\/a><\/h3>\n<p>[\/et_pb_blurb][\/et_pb_column][et_pb_column type=&#8221;1_3&#8243; _builder_version=&#8221;4.16&#8243; _module_preset=&#8221;default&#8221; custom_padding=&#8221;|||&#8221; global_colors_info=&#8221;{}&#8221; custom_padding__hover=&#8221;|||&#8221;][et_pb_blurb image=&#8221;\/wp-content\/uploads\/2023\/08\/MX-2614N_20230728_152357-1.png&#8221; image_icon_width=&#8221;70%&#8221; _builder_version=&#8221;4.17.4&#8243; _module_preset=&#8221;default&#8221; header_font=&#8221;PT Sans|700|||||||&#8221; header_line_height=&#8221;1.3em&#8221; body_font=&#8221;PT Sans||||||||&#8221; body_font_size=&#8221;16px&#8221; body_line_height=&#8221;1.8em&#8221; background_color=&#8221;#ffffff&#8221; text_orientation=&#8221;center&#8221; custom_margin=&#8221;|||&#8221; custom_padding=&#8221;30px|30px|30px|30px&#8221; link_option_url_new_window=&#8221;on&#8221; border_radii=&#8221;on|10px|10px|10px|10px&#8221; box_shadow_style=&#8221;preset1&#8243; box_shadow_vertical=&#8221;10px&#8221; box_shadow_blur=&#8221;60px&#8221; box_shadow_color=&#8221;rgba(0,0,0,0.1)&#8221; image_max_width=&#8221;70%&#8221; locked=&#8221;off&#8221; global_colors_info=&#8221;{}&#8221;]<\/p>\n<h3><a href=\"\/wp-content\/uploads\/2023\/08\/MX-2614N_20230728_152409.pdf\" target=\"_blank\" rel=\"noopener\"><strong>TS EN ISO 22301:2019<\/strong><\/a><\/h3>\n<p>[\/et_pb_blurb][\/et_pb_column][et_pb_column type=&#8221;1_3&#8243; _builder_version=&#8221;4.16&#8243; _module_preset=&#8221;default&#8221; custom_padding=&#8221;|||&#8221; global_colors_info=&#8221;{}&#8221; custom_padding__hover=&#8221;|||&#8221;][et_pb_blurb image=&#8221;\/wp-content\/uploads\/2023\/08\/MX-2614N_20230728_152432-1.png&#8221; image_icon_width=&#8221;70%&#8221; _builder_version=&#8221;4.17.4&#8243; _module_preset=&#8221;default&#8221; header_font=&#8221;PT Sans|700|||||||&#8221; header_line_height=&#8221;1.3em&#8221; body_font=&#8221;PT Sans||||||||&#8221; body_font_size=&#8221;16px&#8221; body_line_height=&#8221;1.8em&#8221; background_color=&#8221;#ffffff&#8221; text_orientation=&#8221;center&#8221; custom_margin=&#8221;|||&#8221; custom_padding=&#8221;30px|30px|30px|30px&#8221; link_option_url_new_window=&#8221;on&#8221; border_radii=&#8221;on|10px|10px|10px|10px&#8221; box_shadow_style=&#8221;preset1&#8243; box_shadow_vertical=&#8221;10px&#8221; box_shadow_blur=&#8221;60px&#8221; box_shadow_color=&#8221;rgba(0,0,0,0.1)&#8221; image_max_width=&#8221;70%&#8221; locked=&#8221;off&#8221; global_colors_info=&#8221;{}&#8221;]<\/p>\n<h3><a href=\"\/wp-content\/uploads\/2023\/08\/MX-2614N_20230728_152421.pdf\" target=\"_blank\" rel=\"noopener\"><strong>ISO 20000-1:2018<\/strong><\/a><\/h3>\n<p>[\/et_pb_blurb][\/et_pb_column][\/et_pb_row][\/et_pb_section]<\/p>","protected":false},"excerpt":{"rendered":"<p>AKTIFTECH TEKNOLOJI A.S.TS EN ISO 27001:2013TS EN ISO 22301:2019ISO 20000-1:2018ISO\/IEC 27017:2021\u00a0TS ISO\/IEC 27701:2019AKT\u0130F YATIRIM BANKASI A.S.TS EN ISO 27001:2013TS EN ISO 22301:2019ISO 20000-1:2018<\/p>","protected":false},"author":1,"featured_media":0,"parent":0,"menu_order":0,"comment_status":"closed","ping_status":"closed","template":"","meta":{"_et_pb_use_builder":"on","_et_pb_old_content":"<!-- wp:divi\/placeholder \/-->","_et_gb_content_width":""},"_links":{"self":[{"href":"https:\/\/www.aktiftech.com\/tr\/wp-json\/wp\/v2\/pages\/223325"}],"collection":[{"href":"https:\/\/www.aktiftech.com\/tr\/wp-json\/wp\/v2\/pages"}],"about":[{"href":"https:\/\/www.aktiftech.com\/tr\/wp-json\/wp\/v2\/types\/page"}],"author":[{"embeddable":true,"href":"https:\/\/www.aktiftech.com\/tr\/wp-json\/wp\/v2\/users\/1"}],"replies":[{"embeddable":true,"href":"https:\/\/www.aktiftech.com\/tr\/wp-json\/wp\/v2\/comments?post=223325"}],"version-history":[{"count":21,"href":"https:\/\/www.aktiftech.com\/tr\/wp-json\/wp\/v2\/pages\/223325\/revisions"}],"predecessor-version":[{"id":223435,"href":"https:\/\/www.aktiftech.com\/tr\/wp-json\/wp\/v2\/pages\/223325\/revisions\/223435"}],"wp:attachment":[{"href":"https:\/\/www.aktiftech.com\/tr\/wp-json\/wp\/v2\/media?parent=223325"}],"curies":[{"name":"wp","href":"https:\/\/api.w.org\/{rel}","templated":true}]}}