{"id":223253,"date":"2023-05-02T10:42:16","date_gmt":"2023-05-02T10:42:16","guid":{"rendered":"https:\/\/aktiftechweb.azurewebsites.net\/?page_id=223253"},"modified":"2023-05-02T14:56:31","modified_gmt":"2023-05-02T14:56:31","slug":"our-policies","status":"publish","type":"page","link":"https:\/\/www.aktiftech.com\/tr\/our-policies\/","title":{"rendered":"Politikalar\u0131m\u0131z"},"content":{"rendered":"<p>[et_pb_section fb_built=&#8221;1&#8243; admin_label=&#8221;Hero Section&#8221; _builder_version=&#8221;4.16&#8243; _module_preset=&#8221;default&#8221; use_background_color_gradient=&#8221;on&#8221; background_color_gradient_stops=&#8221;#2d3757 0%|#212529 100%&#8221; background_color_gradient_start=&#8221;#2d3757&#8243; background_color_gradient_end=&#8221;#212529&#8243; custom_padding=&#8221;100px|0px|100px|0px&#8221; global_colors_info=&#8221;{}&#8221; theme_builder_area=&#8221;post_content&#8221;][et_pb_row _builder_version=&#8221;4.16&#8243; _module_preset=&#8221;default&#8221; background_size=&#8221;initial&#8221; background_position=&#8221;top_left&#8221; background_repeat=&#8221;repeat&#8221; custom_margin=&#8221;|||&#8221; global_colors_info=&#8221;{}&#8221; theme_builder_area=&#8221;post_content&#8221;][et_pb_column type=&#8221;4_4&#8243; _builder_version=&#8221;4.16&#8243; _module_preset=&#8221;default&#8221; custom_padding=&#8221;40px|||&#8221; global_colors_info=&#8221;{}&#8221; custom_padding__hover=&#8221;|||&#8221; theme_builder_area=&#8221;post_content&#8221;][et_pb_text _builder_version=&#8221;4.17.4&#8243; _module_preset=&#8221;default&#8221; text_font=&#8221;PT Sans||||||||&#8221; text_text_color=&#8221;rgba(255,255,255,0.7)&#8221; text_font_size=&#8221;18px&#8221; text_line_height=&#8221;1.8em&#8221; header_font=&#8221;Poppins|500|||||||&#8221; header_text_color=&#8221;#ffffff&#8221; header_font_size=&#8221;44px&#8221; header_line_height=&#8221;1.3em&#8221; header_2_font=&#8221;||||||||&#8221; header_3_font=&#8221;||||||||&#8221; header_4_font=&#8221;||||||||&#8221; hover_enabled=&#8221;0&#8243; global_colors_info=&#8221;{}&#8221; theme_builder_area=&#8221;post_content&#8221; sticky_enabled=&#8221;0&#8243;]<\/p>\n<h1>Bilgi G\u00fcvenli\u011fi Politikam\u0131z<\/h1>\n<p>&nbsp;<\/p>\n<div data-pm-slice=\"1 1 []\" data-en-clipboard=\"true\">\n<p><span><\/span><\/p>\n<ul>\n<li><span>Bilgi varl\u0131klar\u0131n\u0131n ve verilerinin gizlili\u011fi, b\u00fct\u00fcnl\u00fc\u011f\u00fc ve gerekti\u011finde yetkili ki\u015filerce eri\u015filebilirli\u011fini sa\u011flamak amac\u0131 ile bilgi g\u00fcvenli\u011fi y\u00f6netim sisteminin kurulmas\u0131n\u0131 ve s\u00fcrekli iyile\u015ftirilmesini sa\u011flamak;<\/span><\/li>\n<\/ul>\n<p><span><\/span><\/p>\n<ul>\n<li><span>Bilgi g\u00fcvenli\u011fi y\u00f6netim sisteminin ba\u015far\u0131s\u0131n\u0131 sa\u011flamak i\u00e7in t\u00fcm i\u00e7 ve d\u0131\u015f payda\u015flar\u0131n beklentilerini kar\u015f\u0131lamak;<\/span><\/li>\n<\/ul>\n<p><span><\/span><\/p>\n<ul>\n<li><span>Yasal d\u00fczenlemeler, uluslararas\u0131 sekt\u00f6re ili\u015fkin standartlar\u0131n ve s\u00f6zle\u015fme y\u00fck\u00fcml\u00fcl\u00fcklerinin bilgi g\u00fcvenli\u011fi gereksinimlerini yerine getirmek;<\/span><\/li>\n<\/ul>\n<p><span><\/span><\/p>\n<ul>\n<li><span>Bilgi varl\u0131klar\u0131na y\u00f6nelik tehditlerin tan\u0131mlanmas\u0131, risklerin de\u011ferlendirilmesi ve bu risklere ili\u015fkin aksiyonlar\u0131n al\u0131nmas\u0131 ile gerekli korumay\u0131 sa\u011flamak;<\/span><\/li>\n<\/ul>\n<p><span><\/span><\/p>\n<ul>\n<li><span>T\u00fcm eri\u015fimlerin bilgi s\u0131n\u0131f\u0131n\u0131n gerekleri do\u011frultusunda, en az haklar prensibine ve g\u00f6revler ayr\u0131l\u0131\u011f\u0131na uygun olarak sa\u011flanmas\u0131;<\/span><\/li>\n<\/ul>\n<p><span><\/span><\/p>\n<ul>\n<li><span>Hizmet verilen kapsam ba\u011flam\u0131nda teknolojik beklentileri g\u00f6zden ge\u00e7irerek riskleri s\u00fcrekli takip etmek, risklerin i\u015flenmesi i\u00e7in \u00e7al\u0131\u015fma esaslar\u0131n\u0131 ortaya koymak;<\/span><\/li>\n<\/ul>\n<p><span><\/span><\/p>\n<ul>\n<li><span>\u0130\u015f \/ hizmet s\u00fcreklili\u011fine bilgi g\u00fcvenli\u011fi tehditlerinin etkisini azaltarak i\u015fin s\u00fcreklili\u011fine ve s\u00fcrd\u00fcr\u00fclebilirli\u011fine katk\u0131da bulunmak;<\/span><\/li>\n<\/ul>\n<p><span><\/span><\/p>\n<ul>\n<li><span>Ger\u00e7ekle\u015febilecek olas\u0131 bilgi g\u00fcvenli\u011fi olaylar\u0131na etkin ve h\u0131zl\u0131 m\u00fcdahale edebilecek ve olaylar\u0131n etkilerini minimize edebilecek yetkinli\u011fe sahip olmay\u0131 temin etmek;<\/span><\/li>\n<\/ul>\n<p><span><\/span><\/p>\n<ul>\n<li><span>Kurum itibar\u0131n\u0131 geli\u015ftirmek ve kurumu, bilgi g\u00fcvenli\u011fi k\u0131r\u0131lmalar\u0131ndan kaynaklanabilecek olumsuz etkilerden korumak;<\/span><\/li>\n<\/ul>\n<p><span><\/span><\/p>\n<ul>\n<li><span>Tedarik\u00e7ilerden al\u0131nan \u00fcr\u00fcn ve hizmetlere ili\u015fkin g\u00fcvenlik gereksinimlerini belirlemek, riskleri analiz etmek ve g\u00fcvenlikle ilgili t\u00fcm beklentileri s\u00f6zle\u015fmede yaz\u0131l\u0131 hale getirerek tedarik\u00e7i y\u00f6netimi s\u00fcrecini s\u00fcrekli takip ederek gerekli aksiyonlar\u0131 almak;<\/span><\/li>\n<\/ul>\n<p><span><\/span><\/p>\n<ul>\n<li><span>T\u00fcm payda\u015flar\u0131n bilgi g\u00fcvenli\u011fi fark\u0131ndal\u0131\u011f\u0131n\u0131 sa\u011flamak amac\u0131yla faaliyetler y\u00fcr\u00fctmek.<\/span><\/li>\n<\/ul>\n<\/div>\n<p>[\/et_pb_text][\/et_pb_column][\/et_pb_row][et_pb_row _builder_version=&#8221;4.16&#8243; _module_preset=&#8221;default&#8221; background_size=&#8221;initial&#8221; background_position=&#8221;top_left&#8221; background_repeat=&#8221;repeat&#8221; custom_margin=&#8221;|||&#8221; global_colors_info=&#8221;{}&#8221; theme_builder_area=&#8221;post_content&#8221;][et_pb_column type=&#8221;4_4&#8243; _builder_version=&#8221;4.16&#8243; _module_preset=&#8221;default&#8221; custom_padding=&#8221;40px|||&#8221; global_colors_info=&#8221;{}&#8221; custom_padding__hover=&#8221;|||&#8221; theme_builder_area=&#8221;post_content&#8221;][et_pb_text _builder_version=&#8221;4.17.4&#8243; _module_preset=&#8221;default&#8221; text_font=&#8221;PT Sans||||||||&#8221; text_text_color=&#8221;rgba(255,255,255,0.7)&#8221; text_font_size=&#8221;18px&#8221; text_line_height=&#8221;1.8em&#8221; header_font=&#8221;Poppins|500|||||||&#8221; header_text_color=&#8221;#ffffff&#8221; header_font_size=&#8221;44px&#8221; header_line_height=&#8221;1.3em&#8221; header_2_font=&#8221;||||||||&#8221; header_3_font=&#8221;||||||||&#8221; header_4_font=&#8221;||||||||&#8221; hover_enabled=&#8221;0&#8243; global_colors_info=&#8221;{}&#8221; theme_builder_area=&#8221;post_content&#8221; sticky_enabled=&#8221;0&#8243;]<\/p>\n<h1>Hizmet Y\u00f6netimi Politikam\u0131z<\/h1>\n<p>&nbsp;<\/p>\n<div data-pm-slice=\"1 1 []\" data-en-clipboard=\"true\">\n<p><span><\/span><\/p>\n<ul><\/ul>\n<ul>\n<li><span>Yasal d\u00fczenlemeler, uluslararas\u0131 sekt\u00f6re ili\u015fkin standartlar ve s\u00f6zle\u015fme y\u00fck\u00fcml\u00fcl\u00fcklerinde yer alan hizmet seviyeleri \u015fartlar\u0131n\u0131n yerine getirilmesi;<\/span><\/li>\n<\/ul>\n<p><span><\/span><\/p>\n<ul>\n<li><span>Hizmet Y\u00f6netimi Sisteminin ba\u015far\u0131s\u0131n\u0131 sa\u011flamak i\u00e7in t\u00fcm i\u00e7 ve d\u0131\u015f payda\u015flar\u0131n beklentilerini kar\u015f\u0131lamak;<\/span><\/li>\n<\/ul>\n<p><span><\/span><\/p>\n<ul>\n<li><span>Servis kataloglar\u0131n\u0131n g\u00fcncel versiyonlar\u0131n\u0131 m\u00fc\u015fterilerin eri\u015fimine a\u00e7\u0131k tutmak;<\/span><\/li>\n<\/ul>\n<p><span><\/span><\/p>\n<ul>\n<li><span>Sunulan hizmetlerin kalitesinin art\u0131r\u0131lmas\u0131, s\u00fcre\u00e7lerin standart etkin ve verimli i\u015fletilmesi amac\u0131yla Hizmet Y\u00f6netim Sisteminin kurulmas\u0131n\u0131 ve s\u00fcrekli iyile\u015ftirilmesini sa\u011flamak;<\/span><\/li>\n<\/ul>\n<p><span><\/span><\/p>\n<ul>\n<li><span>Hizmet Y\u00f6netimi Sistemine y\u00f6netim kadrosu dahil t\u00fcm payda\u015flar\u0131n kat\u0131l\u0131m\u0131n\u0131 sa\u011flayarak bilin\u00e7 d\u00fczeyini art\u0131rmak;<\/span><\/li>\n<\/ul>\n<p><span><\/span><\/p>\n<ul>\n<li><span>T\u00fcm yasal ve s\u00f6zle\u015fmesel gereksinimler ile payda\u015flar\u0131n beklentisini minimum maliyetle optimum noktada kar\u015f\u0131layacak servis y\u00f6netim plan\u0131n\u0131n olu\u015fturulmas\u0131 ve s\u00fcrekli g\u00fcncellenmesi;<\/span><\/li>\n<\/ul>\n<p><span><\/span><\/p>\n<ul>\n<li><span>Kurum i\u00e7erisinde servisler ile servislerin sunuldu\u011fu s\u00fcre\u00e7leri kapsayacak risk y\u00f6netim sistemi olu\u015fturarak, i\u015fletmek ve d\u00fczenli aral\u0131klar ile g\u00f6zden ge\u00e7irilmesini sa\u011flamak;<\/span><\/li>\n<\/ul>\n<p><span><\/span><\/p>\n<ul>\n<li><span>Servislerin maliyet ve gelirlerini s\u00fcrekli izlemek ve hizmet sa\u011flayabilmek i\u00e7in kaynak planlamalar\u0131n\u0131n yap\u0131lmas\u0131 ile etkin b\u00fct\u00e7e y\u00f6netimini sa\u011flamak;<\/span><\/li>\n<\/ul>\n<p><span><\/span><\/p>\n<ul>\n<li><span>Hizmetlerin sunuldu\u011fu s\u00fcre\u00e7lerin s\u00fcrekli izlenmesi ve performans\u0131n\u0131n art\u0131r\u0131lmas\u0131;<\/span><\/li>\n<\/ul>\n<p><span><\/span><\/p>\n<ul>\n<li><span>M\u00fc\u015fteri \u015fikayetlerini h\u0131zl\u0131 ve etkin \u00e7\u00f6z\u00fcmlerle ele alarak memnuniyeti art\u0131rmak.<\/span><\/li>\n<\/ul>\n<ul><\/ul>\n<\/div>\n<p>[\/et_pb_text][et_pb_text _builder_version=&#8221;4.17.4&#8243; _module_preset=&#8221;default&#8221; text_font=&#8221;PT Sans||||||||&#8221; text_text_color=&#8221;rgba(255,255,255,0.7)&#8221; text_font_size=&#8221;18px&#8221; text_line_height=&#8221;1.8em&#8221; header_font=&#8221;Poppins|500|||||||&#8221; header_text_color=&#8221;#ffffff&#8221; header_font_size=&#8221;44px&#8221; header_line_height=&#8221;1.3em&#8221; header_2_font=&#8221;||||||||&#8221; header_3_font=&#8221;||||||||&#8221; header_4_font=&#8221;||||||||&#8221; hover_enabled=&#8221;0&#8243; global_colors_info=&#8221;{}&#8221; theme_builder_area=&#8221;post_content&#8221; sticky_enabled=&#8221;0&#8243;]<\/p>\n<h1>\u0130\u015f S\u00fcreklili\u011fi Politikam\u0131z<\/h1>\n<p>&nbsp;<\/p>\n<div data-pm-slice=\"1 1 []\" data-en-clipboard=\"true\">\n<p><span><\/span><\/p>\n<ul><\/ul>\n<ul>\n<li><span>\u0130\u015f S\u00fcreklili\u011fi kapsam\u0131nda ola\u011fan\u00fcst\u00fc durumlarda birinci olarak can g\u00fcvenli\u011fini sa\u011flamak;<\/span><\/li>\n<\/ul>\n<p><span><\/span><\/p>\n<ul>\n<li><span>Yasal d\u00fczenlemeler, uluslararas\u0131 sekt\u00f6re ili\u015fkin standartlar ve s\u00f6zle\u015fme y\u00fck\u00fcml\u00fcl\u00fcklerinde yer alan i\u015f s\u00fcreklili\u011fi seviyeleri \u015fartlar\u0131n\u0131n yerine getirilmesi;<\/span><\/li>\n<\/ul>\n<p><span><\/span><\/p>\n<ul>\n<li><span>T\u00fcm i\u00e7 ve d\u0131\u015f payda\u015flar\u0131n beklentilerini, kurum politikalar\u0131n\u0131 ve yasal y\u00fck\u00fcml\u00fcl\u00fckleri dikkate alarak i\u015f s\u00fcreklili\u011fi planlar\u0131n\u0131n haz\u0131rlanmas\u0131;<\/span><\/li>\n<\/ul>\n<p><span><\/span><\/p>\n<ul>\n<li><span>Ola\u011fan \u00fcst\u00fc durumlarda, insan g\u00fcvenli\u011fi ile m\u00fc\u015fteri ve kurum varl\u0131klar\u0131n\u0131n g\u00fcvenli\u011fini sa\u011flamak, i\u015f s\u00fcreklili\u011fi kesintisini minimuma indirerek ola\u011fan \u00fcst\u00fc durumun operasyon ve hizmetlere negatif etkisini en d\u00fc\u015f\u00fck seviyede tutmak;<\/span><\/li>\n<\/ul>\n<p><span><\/span><\/p>\n<ul>\n<li><span><span>Felaket\/Kriz\/Olay\u0131n boyutlar\u0131n\u0131 en h\u0131zl\u0131 ve do\u011fru \u015fekilde de\u011ferlendirmek ve gerekli aksiyonlar\u0131n h\u0131zl\u0131ca al\u0131nmas\u0131n\u0131 sa\u011flamak;<\/span><\/span><\/li>\n<\/ul>\n<p><span><span><\/span><\/span><\/p>\n<ul>\n<li><span><span>\u0130\u015f S\u00fcreklili\u011fi Politikas\u0131n\u0131 uluslararas\u0131 standartlara uygun olarak s\u00fcrekli iyile\u015ftirmek;<\/span><\/span><\/li>\n<\/ul>\n<p><span><span><\/span><\/span><\/p>\n<ul>\n<li><span><span>\u0130\u015f S\u00fcreklili\u011fi Y\u00f6netim Sisteminin etkinli\u011fi d\u00fczenli aral\u0131klar ile yap\u0131lan tatbikatlar ile izlemek, raporlamak ve sonu\u00e7lar\u0131na g\u00f6re iyile\u015ftirme faaliyetleri y\u00fcr\u00fctmek;<\/span><\/span><\/li>\n<\/ul>\n<p><span><span><\/span><\/span><\/p>\n<ul>\n<li><span><span>\u0130\u015f S\u00fcreklili\u011fi konular\u0131nda i\u00e7 ve d\u0131\u015f ileti\u015fimi y\u00f6netmek g\u00fcncelli\u011fini sa\u011flamak;<\/span><\/span><\/li>\n<\/ul>\n<p><span><span><\/span><\/span><\/p>\n<ul>\n<li><span>K\u00fc\u00e7\u00fck bir olay\u0131n daha ciddi seviyelere y\u00fckselmesini \u00f6nleyecek \u015fekilde s\u00fcratle tepki vermek<\/span><\/li>\n<\/ul>\n<p><span><\/span><\/p>\n<ul>\n<li><span>Servislerin zaman\u0131nda yeniden ba\u015flamas\u0131n\u0131 ve veri b\u00fct\u00fcnl\u00fc\u011f\u00fcn\u00fcn s\u00fcrd\u00fcr\u00fclmesini sa\u011flamak \u00fczere kurtarma \u00f6nceliklerine ve en kritik servislerin ilk \u00f6nce eski haline d\u00f6nmesine dayal\u0131 kurtarma sa\u011flamak;<\/span><\/li>\n<\/ul>\n<p><span><\/span><\/p>\n<ul>\n<li><span>\u0130\u015f s\u00fcreklili\u011fi y\u00f6netim sistemi kapsam\u0131nda do\u011fal afetler, teknolojik ar\u0131zlar, insan hatas\u0131 ve di\u011fer olaylar gibi olas\u0131 risklerin \u00f6nlenmesini veya minimize edilmesini sa\u011flamak;<\/span><\/li>\n<\/ul>\n<p><span><\/span><\/p>\n<ul>\n<li><span>Organizasyonun itibar\u0131n\u0131 korumak ve finansal kay\u0131plar\u0131 minimize etmek i\u00e7in kriz ileti\u015fim plan\u0131n\u0131 gerekti\u011fi durumlarda devreye almak. <\/span><\/li>\n<\/ul>\n<ul><\/ul>\n<\/div>\n<p>[\/et_pb_text][\/et_pb_column][\/et_pb_row][\/et_pb_section]<\/p>","protected":false},"excerpt":{"rendered":"<p>Our Information Security Policy &nbsp; Ensuring that an information security management system is established and improved continuously for the purpose of ensuring the confidentiality, integrity of the information assets and data and, accessibility of such assets and data by the authorized persons, if and when so required; Meeting the expectations of all internal and external [&hellip;]<\/p>","protected":false},"author":1,"featured_media":0,"parent":0,"menu_order":0,"comment_status":"closed","ping_status":"closed","template":"","meta":{"_et_pb_use_builder":"on","_et_pb_old_content":"","_et_gb_content_width":""},"_links":{"self":[{"href":"https:\/\/www.aktiftech.com\/tr\/wp-json\/wp\/v2\/pages\/223253"}],"collection":[{"href":"https:\/\/www.aktiftech.com\/tr\/wp-json\/wp\/v2\/pages"}],"about":[{"href":"https:\/\/www.aktiftech.com\/tr\/wp-json\/wp\/v2\/types\/page"}],"author":[{"embeddable":true,"href":"https:\/\/www.aktiftech.com\/tr\/wp-json\/wp\/v2\/users\/1"}],"replies":[{"embeddable":true,"href":"https:\/\/www.aktiftech.com\/tr\/wp-json\/wp\/v2\/comments?post=223253"}],"version-history":[{"count":3,"href":"https:\/\/www.aktiftech.com\/tr\/wp-json\/wp\/v2\/pages\/223253\/revisions"}],"predecessor-version":[{"id":223266,"href":"https:\/\/www.aktiftech.com\/tr\/wp-json\/wp\/v2\/pages\/223253\/revisions\/223266"}],"wp:attachment":[{"href":"https:\/\/www.aktiftech.com\/tr\/wp-json\/wp\/v2\/media?parent=223253"}],"curies":[{"name":"wp","href":"https:\/\/api.w.org\/{rel}","templated":true}]}}