{"id":223251,"date":"2023-05-02T10:41:13","date_gmt":"2023-05-02T10:41:13","guid":{"rendered":"https:\/\/aktiftechweb.azurewebsites.net\/?page_id=223251"},"modified":"2023-05-02T15:42:19","modified_gmt":"2023-05-02T15:42:19","slug":"clarification-text-on-personal-data-processing","status":"publish","type":"page","link":"https:\/\/www.aktiftech.com\/tr\/clarification-text-on-personal-data-processing\/","title":{"rendered":"Ki\u015fisel Verilerin \u0130\u015flenmesine \u0130li\u015fkin Ayd\u0131nlatma Metni"},"content":{"rendered":"<p>[et_pb_section fb_built=&#8221;1&#8243; admin_label=&#8221;Hero Section&#8221; _builder_version=&#8221;4.16&#8243; _module_preset=&#8221;default&#8221; use_background_color_gradient=&#8221;on&#8221; background_color_gradient_stops=&#8221;#2d3757 0%|#212529 100%&#8221; background_color_gradient_start=&#8221;#2d3757&#8243; background_color_gradient_end=&#8221;#212529&#8243; custom_padding=&#8221;100px|0px|100px|0px&#8221; global_colors_info=&#8221;{}&#8221;][et_pb_row _builder_version=&#8221;4.16&#8243; _module_preset=&#8221;default&#8221; background_size=&#8221;initial&#8221; background_position=&#8221;top_left&#8221; background_repeat=&#8221;repeat&#8221; custom_margin=&#8221;|||&#8221; global_colors_info=&#8221;{}&#8221;][et_pb_column type=&#8221;4_4&#8243; _builder_version=&#8221;4.16&#8243; _module_preset=&#8221;default&#8221; custom_padding=&#8221;40px|||&#8221; global_colors_info=&#8221;{}&#8221; custom_padding__hover=&#8221;|||&#8221;][et_pb_text _builder_version=&#8221;4.17.4&#8243; _module_preset=&#8221;default&#8221; text_font=&#8221;PT Sans||||||||&#8221; text_text_color=&#8221;rgba(255,255,255,0.7)&#8221; text_font_size=&#8221;18px&#8221; text_line_height=&#8221;1.8em&#8221; header_font=&#8221;Poppins|500|||||||&#8221; header_text_color=&#8221;#ffffff&#8221; header_font_size=&#8221;44px&#8221; header_line_height=&#8221;1.3em&#8221; header_2_font=&#8221;||||||||&#8221; header_3_font=&#8221;||||||||&#8221; header_4_font=&#8221;||||||||&#8221; hover_enabled=&#8221;0&#8243; global_colors_info=&#8221;{}&#8221; sticky_enabled=&#8221;0&#8243;]<\/p>\n<h1 style=\"text-align: center;\">AktifTech Teknoloji A.\u015e.<\/h1>\n<h1 style=\"text-align: center;\">Ki\u015fisel Verilerin \u0130\u015flenmesine \u0130li\u015fkin Ayd\u0131nlatma Metni<\/h1>\n<div data-pm-slice=\"1 1 []\" data-en-clipboard=\"true\">\n<p>&nbsp;<\/p>\n<p class=\" translation-block\">Bu metin, 7 Nisan 2016 tarihli ve 29677 Say\u0131l\u0131 Resm\u00ee Gazete\u2019de yay\u0131mlanan 6698 say\u0131l\u0131 Ki\u015fisel Verilerin Korunmas\u0131 Kanunu (\u201c<strong>6698 say\u0131l\u0131 Kanun<\/strong>\u201d) hakk\u0131nda, veri sorumlusu s\u0131fat\u0131yla Aktiftech Teknoloji A.\u015e. (\u201c<strong>AktifTech<\/strong>\u201d) olarak sizleri bilgilendirme amac\u0131yla haz\u0131rlanm\u0131\u015ft\u0131r.<\/p>\n<p>&nbsp;<\/p>\n<p class=\" translation-block\"><strong>\u015eirketimiz Taraf\u0131ndan \u0130\u015flenen Ki\u015fisel Verileriniz;<\/strong> \u015eirketimizden alm\u0131\u015f oldu\u011funuz \u00fcr\u00fcn ve hizmetlerin niteliklerine g\u00f6re Ki\u015fisel Verilerin Korunmas\u0131 Kanunu ve di\u011fer mevzuata uygun olarak taraf\u0131n\u0131zdan al\u0131nacak ki\u015fisel veriler, bunlarla s\u0131n\u0131rl\u0131 olmamak \u00fczere, taraf\u0131n\u0131za ait kimlik bilgileri (isim, soy isim, T.C kimlik numaras\u0131, pasaport numaras\u0131), ileti\u015fim bilgileri ( ev adresi, i\u015f adresi, elektronik posta adresi, cep telefonu, sabit telefon, faks, kay\u0131tl\u0131 elektronik posta (KEP)), \u015eirketimiz ile ger\u00e7ekle\u015ftirmi\u015f oldu\u011funuz m\u00fc\u015fteri ve hukuki i\u015flem bilgileri, mobil ya da kullanmakta oldu\u011funuz bilgisayar\u0131n IP bilgileri, \u015eirketimiz ile payla\u015fm\u0131\u015f oldu\u011funuz ihtiya\u00e7lar\u0131n\u0131za ili\u015fkin verileri, sesli-g\u00f6rsel verileriniz ( telefon g\u00f6r\u00fc\u015fmeleri, ses kay\u0131tlar\u0131, kamera kay\u0131tlar\u0131) i\u015flenmektedir.<\/p>\n<p>&nbsp;<\/p>\n<p class=\" translation-block\"><strong>\u015eirketimiz Taraf\u0131ndan \u0130\u015flenen Ki\u015fisel Verilerinizin \u0130\u015flenme Ama\u00e7lar\u0131;<\/strong> Ki\u015fisel verileriniz, \u00f6zel nitelikli ki\u015fisel verileriniz; a\u015fa\u011f\u0131da belirtilen ama\u00e7lar ve hukuki sebepler gibi ancak bunlarla s\u0131n\u0131rl\u0131 olmayan benzer ama\u00e7 ve sebeplerle i\u015flenmektedir.<\/p>\n<p>&nbsp;<\/p>\n<p><em>Kanunlarda a\u00e7\u0131k\u00e7a \u00f6ng\u00f6r\u00fclmesi ve hukuki y\u00fck\u00fcml\u00fcl\u00fc\u011f\u00fcm\u00fcz\u00fc yerine getirebilmemiz i\u00e7in zorunlu olmas\u0131 halinde;<\/em><\/p>\n<p><em>\u00a0<\/em><\/p>\n<ul>\n<li>Kanunlarda a\u00e7\u0131k\u00e7a \u00f6ng\u00f6r\u00fclmesi ve hukuki y\u00fck\u00fcml\u00fcl\u00fc\u011f\u00fcm\u00fcz\u00fc yerine getirebilmemiz i\u00e7in zorunlu olmas\u0131 halinde;<\/li>\n<li>Bilgilerin g\u00fcncel olmas\u0131n\u0131n sa\u011flanmas\u0131,<\/li>\n<li>\u015eirket faaliyetleri kapsam\u0131nda yap\u0131lmas\u0131 zorunlu g\u00f6r\u00fclen analiz, raporlama \u00e7al\u0131\u015fmalar\u0131n\u0131n y\u00fcr\u00fct\u00fclmesi ve incelemelerin yap\u0131lmas\u0131,<\/li>\n<li>\u0130\u015f faaliyetlerinin y\u00fcr\u00fct\u00fclmesi ve denetimi,<\/li>\n<li>Bankac\u0131l\u0131k D\u00fczenleme ve Denetleme Kurumu, MASAK, G\u0130B, Bilgi Teknolojileri Kurumu, Recep Tayyip Erdo\u011fan \u00dcniversitesi ve T\u00fcrk-Alman \u00dcniversitesi Teknoloji Geli\u015ftirme B\u00f6lgesi Y\u00f6netim A\u015e ve benzeri bilgi verme y\u00fck\u00fcml\u00fcl\u00fc\u011f\u00fcm\u00fcz olan kamu kurumlar\u0131nca istenilen bilgilerin saklamas\u0131, raporlamas\u0131 ve bu kurumlar\u0131n bilgi ve belge taleplerinin kar\u015f\u0131lanmas\u0131,<\/li>\n<li>T\u00fcm faaliyetlerimizin Ki\u015fisel Verilerin Korunmas\u0131 Kanunu ba\u015fta olmak \u00fczere b\u00fcy\u00fcn mevzuata uygun y\u00fcr\u00fct\u00fclmesi amac\u0131yla,<\/li>\n<li>Bilgi teknoloji alt yap\u0131lar\u0131n\u0131n olu\u015fturulmas\u0131 ve y\u00f6netilmesi,<\/li>\n<li>Destek hizmeti al\u0131nmas\u0131 ile ba\u011f\u0131ms\u0131z denetim faaliyetleri,<\/li>\n<li>6493 Say\u0131l\u0131Kanunda ve ilgili sair mevzuatlarda yer alan \u00f6deme sistemleri kurum ve kurulu\u015flar\u0131, sistem i\u015fleticileri, elektronik para kurulu\u015flar\u0131, \u00f6deme hizmeti sa\u011flay\u0131c\u0131lar\u0131, bulut bili\u015fim hizmeti sa\u011flay\u0131c\u0131lar\u0131na teknoloji alt yap\u0131 hizmetlerinin sa\u011flanmas\u0131,<\/li>\n<\/ul>\n<p>&nbsp;<\/p>\n<p><em>\u015eirketimiz ile aran\u0131zda bir s\u00f6zle\u015fmenin kurulmas\u0131 veya ifas\u0131yla do\u011frudan do\u011fruya ilgili olmas\u0131 ve hukuki y\u00fck\u00fcml\u00fcl\u00fc\u011f\u00fcm\u00fcz\u00fc yerine getirebilmemiz i\u00e7in zorunlu olmas\u0131 halinde;<\/em><\/p>\n<p><em>\u00a0<\/em><\/p>\n<ul>\n<li>5411 say\u0131l\u0131 Bankac\u0131l\u0131k Kanunu ve alt yasal d\u00fczenlemeleri uyar\u0131nca destek hizmet ve\/veya d\u0131\u015f hizmet sa\u011flay\u0131c\u0131 olarak y\u00fcr\u00fctt\u00fc\u011f\u00fcm\u00fcz faaliyetler ile yaz\u0131l\u0131m, uygulama, alt yap\u0131, API servisler, KEP, E-Defter servisleri ve di\u011fer belirtilen i\u015flemlerin yerine getirilmesi, y\u00fcr\u00fct\u00fclmesi, geli\u015ftirilmesi ve operasyonel s\u00fcre\u00e7lerin y\u00fcr\u00fct\u00fclmesi<\/li>\n<li>\u015eirketimiz faaliyet alan\u0131 i\u00e7erisinde sa\u011flad\u0131\u011f\u0131m\u0131z ve arac\u0131l\u0131k etti\u011fimiz teknolojik t\u00fcm \u00fcr\u00fcn ve hizmetlere ili\u015fkin y\u00fck\u00fcml\u00fcl\u00fcklerimizin ve sorumluluklar\u0131m\u0131z\u0131n ifa edilmesi ve s\u00f6zle\u015fme s\u00fcre\u00e7lerimizin y\u00fcr\u00fct\u00fclmesi,<\/li>\n<li>\u015eirketimiz \u00fcr\u00fcn ve hizmetleri ile ilgili olarak reklam, kampanya ve promosyon s\u00fcre\u00e7lerinin y\u00fcr\u00fct\u00fclmesi ve bu ama\u00e7larla taraf\u0131n\u0131zla ileti\u015fime ge\u00e7ilmesi,<\/li>\n<li>\u2022\tM\u00fc\u015fteri memnuniyeti \u00e7al\u0131\u015fmalar\u0131n\u0131n ger\u00e7ekle\u015ftirilmesi ve hizmetlerine ili\u015fkin tekliflerin payla\u015f\u0131lmas\u0131,<\/li>\n<li>M\u00fc\u015fteri ili\u015fkileri y\u00f6netim s\u00fcre\u00e7lerinin y\u00fcr\u00fct\u00fclmesi,<\/li>\n<li>\u00dcr\u00fcn ve hizmet sat\u0131n al\u0131m s\u00fcre\u00e7lerinin ve bunlara ili\u015fkin destek hizmetlerinin y\u00fcr\u00fct\u00fclmesi,<\/li>\n<li>\u00dcr\u00fcn ve hizmet kalitesinin art\u0131r\u0131lmas\u0131,<\/li>\n<li>Destek hizmet ve d\u0131\u015f hizmet faaliyetiyle ilgili y\u00fck\u00fcml\u00fcl\u00fcklerin planlanmas\u0131 ve ger\u00e7ekle\u015ftirilmesi,<\/li>\n<li>\u00dcr\u00fcn ve hizmetlere ili\u015fkin demirba\u015f ve kaynaklar\u0131n temini,<\/li>\n<\/ul>\n<p>&nbsp;<\/p>\n<p><em>\u0130lgili ki\u015fi olarak sizlerin temel hak ve \u00f6zg\u00fcrl\u00fcklerinize zarar vermemek kayd\u0131yla, veri sorumlusunun me\u015fru menfaatleri i\u00e7in veri i\u015flenmesinin zorunlu olmas\u0131 hukuki sebebine dayal\u0131 olarak;<\/em><\/p>\n<p>&nbsp;<\/p>\n<ul>\n<li>\u0130\u015f faaliyetlerinin etkinlik\/verimlilik veya yerindelik analizlerinin ger\u00e7ekle\u015ftirilmesi faaliyetlerinin planlanmas\u0131 veya icras\u0131,<\/li>\n<li>\u0130\u015f faaliyetlerinin planlanmas\u0131 veya icras\u0131,<\/li>\n<li>\u0130\u015f s\u00fcreklili\u011finin sa\u011flanmas\u0131 faaliyetlerinin planlanmas\u0131 veya icras\u0131,<\/li>\n<li>Kurumsal ileti\u015fim faaliyetlerinin planlanmas\u0131 veya icras\u0131,<\/li>\n<li>Kurumsal y\u00f6netim faaliyetlerin planlanmas\u0131 veya icras\u0131,<\/li>\n<li>Lojistik faaliyetlerinin planlanmas\u0131 veya icras\u0131,<\/li>\n<li>\u015eirketin hedefleri do\u011frultusunda projelerin planlanmas\u0131 veya icras\u0131,<\/li>\n<li>\u0130\u015f ortaklar\u0131 veya tedarik\u00e7ilerle olan ili\u015fkilerin y\u00f6netimi,<\/li>\n<li>Stratejik planlama faaliyetlerinin icras\u0131,<\/li>\n<li>B\u00fct\u00e7e \u00e7al\u0131\u015fmalar\u0131n\u0131n yap\u0131lmas\u0131 veya icras\u0131<\/li>\n<li>Kalite standartlar\u0131n\u0131n sa\u011flanmas\u0131<\/li>\n<\/ul>\n<p>&nbsp;<\/p>\n<p><em>Bir hakk\u0131n tesisi, kullan\u0131lmas\u0131 veya korunmas\u0131 i\u00e7in veri i\u015flemenin zorunlu olmas\u0131 halinde;<\/em><\/p>\n<p><em>\u00a0<\/em><\/p>\n<ul>\n<li>Hukuk i\u015flerinin takibi,<\/li>\n<li>Talep ve \u015fik\u00e2yetlerinin takibi amac\u0131yla<\/li>\n<\/ul>\n<p>&nbsp;<\/p>\n<p class=\" translation-block\"><em>A\u00e7\u0131k r\u0131zan\u0131n varl\u0131\u011f\u0131 halinde;<\/em> al\u0131nan hizmet kapsam\u0131nda geli\u015ftirilebilecek \u00fcr\u00fcnlerin veya benzeri \u00fcr\u00fcn ve hizmetlerin pazarlama aktivitelerinin planlanmas\u0131, bunlara ili\u015fkin tekliflerin iletilmesi, \u015firket faaliyetleri kapsam\u0131nda yap\u0131lmas\u0131 gerekli g\u00f6r\u00fclen analiz ve modelleme \u00e7al\u0131\u015fmalar\u0131n\u0131n y\u00fcr\u00fct\u00fclmesi, ana hissedar\u0131m\u0131z ya da di\u011fer hissedarlar\u0131m\u0131z ile konsolide raporlama, risk y\u00f6netimi ve de\u011ferlendirme \u00e7al\u0131\u015fmalar\u0131n\u0131n yap\u0131lmas\u0131 <br> <br>\n\nama\u00e7lar\u0131yla, 6698 say\u0131l\u0131 Kanun\u2019un 4. maddesinde belirtilen ilkeler dahilinde i\u015flenmektedir.<\/p>\n<p><em>\u00a0<\/em><\/p>\n<p>&nbsp;<\/p>\n<p class=\" translation-block\"><strong>Ki\u015fisel Verilerinizin Toplanma Y\u00f6ntemi ve Hukuki Sebebi;<\/strong> Ki\u015fisel Verileriniz, hem tamamen veya k\u0131smen otomatik yollarla hem de bir veri kay\u0131t sisteminin par\u00e7as\u0131 olan ancak otomatik olmayan y\u00f6ntemlerle;<\/p>\n<p>&nbsp;<\/p>\n<p>Do\u011frudan sizin taraf\u0131n\u0131zdan veya sizin ad\u0131n\u0131za hareket etmeye yetkili ki\u015filer taraf\u0131ndan; internet sitemiz, mobil uygulamam\u0131z, \u00e7a\u011fr\u0131 merkezlerimiz ve di\u011fer telefon kanallar\u0131m\u0131z; s\u00f6zle\u015fmeler, SMS, elektronik posta, faks, posta, kargo ya da kurye hizmetleri gibi \u015eirketimizin faaliyetlerinin tamamlay\u0131c\u0131s\u0131 veya uzant\u0131s\u0131 niteli\u011findeki hizmetler ald\u0131\u011f\u0131 taraflar vas\u0131tas\u0131yla; medya, sosyal medya hesaplar\u0131m\u0131z, kay\u0131tl\u0131 elektronik posta, elektronik tebligat, anla\u015fmal\u0131 kurulu\u015flar ve hizmet ald\u0131\u011f\u0131m\u0131z kurulu\u015flar vas\u0131tas\u0131yla ve ilgili mevzuat\u0131n ve yap\u0131lan anla\u015fmalar\u0131n izin verdi\u011fi \u00f6l\u00e7\u00fcde benzeri kurum ve kurulu\u015flar\u0131n veri tabanlar\u0131, \u00e7erezler ve benzeri takip teknolojileri, ticaret odas\u0131 ve esnaf odalar\u0131 gibi birlik ve dernekler arac\u0131l\u0131\u011f\u0131yla, fiziksel mekan g\u00fcvenli\u011fi uygulamalar\u0131 sebebiyle Recep Tayyip Erdo\u011fan \u00dcniversitesi ve T\u00fcrk-Alman \u00dcniversitesi Teknoloji Geli\u015ftirme B\u00f6lgesi Y\u00f6netim A.\u015e ve \u015eirketimize ait binadaki kamera g\u00f6r\u00fcnt\u00fclerinin kaydedilmesi y\u00f6ntemiyle, m\u00fc\u015fteri g\u00f6r\u00fc\u015fmeleri, ulusal ve uluslararas\u0131 otoriteler\/merciler\/kurumlar yasal mevzuat s\u0131n\u0131rlar\u0131 i\u00e7erisinde \u015eirketimiz ile kamu kurum ve kurulu\u015flar\u0131 aras\u0131ndaki sistem entegrasyonlar\u0131yla \u015eirketimiz yap\u0131lan her t\u00fcrl\u00fc bildirimler, ba\u015fvurular, g\u00f6r\u00fc\u015fmeler ve benzeri\/sair kanallar arac\u0131l\u0131\u011f\u0131yla s\u00f6zl\u00fc, yaz\u0131l\u0131 veya elektronik ortamlarda;<\/p>\n<p>&nbsp;<\/p>\n<p>6698 say\u0131l\u0131 Kanun\u2019un;<\/p>\n<p>&nbsp;<\/p>\n<ul>\n<li>5\/1 ve 6\/2 maddeleri uyar\u0131nca a\u00e7\u0131k r\u0131zan\u0131n olmas\u0131,<\/li>\n<li>5\/2-a maddesinde belirtilen kanunlarda a\u00e7\u0131k\u00e7a \u00f6ng\u00f6r\u00fclm\u00fc\u015f olmas\u0131,<\/li>\n<li>5\/2-b maddesinde belirtilen fiili imk\u00e2ns\u0131zl\u0131k nedeniyle r\u0131zas\u0131n\u0131 a\u00e7\u0131klayamayacak durumda bulunan veya r\u0131zas\u0131na hukuki ge\u00e7erlilik tan\u0131nmayan ki\u015finin kendisinin ya da bir ba\u015fkas\u0131n\u0131n hayat\u0131 veya beden b\u00fct\u00fcnl\u00fc\u011f\u00fcn\u00fcn korunmas\u0131 i\u00e7in zorunlu olmas\u0131,<\/li>\n<li>5\/2-c maddesinde belirtilen s\u00f6zle\u015fmenin kurulmas\u0131 veya ifas\u0131 i\u00e7in gerekli olmas\u0131 kayd\u0131yla, s\u00f6zle\u015fmenin taraflar\u0131na ait ki\u015fisel verilerin i\u015flenmesinin gerekli olmas\u0131,<\/li>\n<li>5\/2-\u00e7 maddesinde belirtilen \u015eirketimizin hukuki y\u00fck\u00fcml\u00fcl\u00fc\u011f\u00fc yerine getirebilmek i\u00e7in zorunlu olmas\u0131,<\/li>\n<li>5\/2-d maddesinde belirtilen Taraf\u0131n\u0131zca alenile\u015ftirilmi\u015f olmas\u0131,<\/li>\n<li>5\/2-e maddesinde belirtilen bir hakk\u0131n tesisi, kullan\u0131lmas\u0131 veya korunmas\u0131 i\u00e7in i\u015flemenin zorunlu olmas\u0131,<\/li>\n<li>5\/2-f maddesi uyar\u0131nca, temel hak ve \u00f6zg\u00fcrl\u00fcklerinize zarar vermemek kayd\u0131yla, \u015eirketimizin me\u015fru menfaati i\u00e7in i\u015flemenin zorunlu olmas\u0131,<br><br>\nhukuki sebeplerine dayanarak i\u015flenebilmektedir.<\/li>\n<\/ul>\n<p>&nbsp;<\/p>\n<p class=\" translation-block\"><strong>Yukar\u0131da belirtilen ama\u00e7larla, ki\u015fisel verilerin aktar\u0131labilece\u011fi ki\u015fi\/kurulu\u015flar;<\/strong> Ki\u015fisel verilerinize 6698 say\u0131l\u0131 Kanun\u2019un 8. ve 9. maddesinde belirtilen veri aktarma ve i\u015fleme \u015fartlar\u0131 ile yukar\u0131da say\u0131lan ama\u00e7lar\u0131n ger\u00e7ekle\u015ftirilmesini sa\u011flamak amac\u0131 ile mevzuatta belirlenen g\u00fcvenlik ve gizlilik esaslar\u0131 uyar\u0131nca yeterli ve etkili \u00f6nlemler al\u0131nmak kayd\u0131yla; AktifTech\u2019in yurt i\u00e7i ve yurt d\u0131\u015f\u0131ndaki i\u015f ve \u00e7al\u0131\u015fma ortaklar\u0131na, hissedarlar\u0131na, i\u015ftiraklerine, alt yap\u0131 hizmet sa\u011flay\u0131c\u0131lar\u0131na, bulut bili\u015fim sistemleri sa\u011flay\u0131c\u0131lar\u0131na ve yarg\u0131 mercileri ile benzeri kanunen yetkili Bankac\u0131l\u0131k D\u00fczenleme ve Denetleme Kurumu, Bilgi Teknolojileri Kurumu, Ki\u015fisel Verilerin Korunmas\u0131 Kurumu, T\u00fcrkiye Cumhuriyet Merkez Bankas\u0131, MASAK, Gelir \u0130daresi Ba\u015fkanl\u0131\u011f\u0131 ve di\u011fer kamu\/\u00f6zel kurum ve kurulu\u015flara aktar\u0131labilecektir.<\/p>\n<p>&nbsp;<\/p>\n<p class=\" translation-block\"><strong>6698 say\u0131l\u0131 Kanun\u2019un 11. Maddesinde Say\u0131lan Haklar\u0131n\u0131z;<\/strong> Ki\u015fisel veri sahipleri olarak, haklar\u0131n\u0131za ili\u015fkin taleplerinizi a\u015fa\u011f\u0131da d\u00fczenlenen y\u00f6ntemlerle iletmeniz durumunda Aktif Bank talebin niteli\u011fine g\u00f6re talebi en k\u0131sa s\u00fcrede ve en ge\u00e7 otuz g\u00fcn i\u00e7inde sonu\u00e7land\u0131racakt\u0131r. Ki\u015fisel Verileri Koruma Kurulu\u2019nca bir \u00fccret \u00f6ng\u00f6r\u00fclmesi halinde, \u015eirketimiz taraf\u0131ndan belirlenen tarifedeki \u00fccret al\u0131nabilir.<\/p>\n<p>&nbsp;<\/p>\n<p>Aktif Bank taraf\u0131ndan i\u015flenen ki\u015fisel verilerinize ili\u015fkin olarak 6698 say\u0131l\u0131 Kanun\u2019un 11. maddesi uyar\u0131nca;<\/p>\n<p>&nbsp;<\/p>\n<ul>\n<li>Ki\u015fisel verilerinizin i\u015flenip i\u015flenmedi\u011fini \u00f6\u011frenme,<\/li>\n<li>Ki\u015fisel verileriniz i\u015flenmi\u015f ise buna ili\u015fkin bilgi talep etme,<\/li>\n<li>Ki\u015fisel verilerinizin i\u015flenme amac\u0131n\u0131 ve bunlar\u0131n ama\u00e7 uygun kullan\u0131l\u0131p kullan\u0131lmad\u0131\u011f\u0131n\u0131 \u00f6\u011frenme,<\/li>\n<li>Ki\u015fisel verilerinizin i\u015flenme amac\u0131n\u0131 ve bunlar\u0131n ama\u00e7 uygun kullan\u0131l\u0131p kullan\u0131lmad\u0131\u011f\u0131n\u0131 \u00f6\u011frenme,<\/li>\n<li>Ki\u015fisel verilerinizin yanl\u0131\u015f veya eksik i\u015flenmesi halinde bunlar\u0131n d\u00fczeltilmesini isteme,<\/li>\n<li>Ki\u015fisel verilerinizin i\u015flenmesini gerektiren sebeplerin ortadan kalkmas\u0131 halinde silinmesini talep etme,<\/li>\n<li>Ki\u015fisel verilerinizin m\u00fcnhas\u0131ran otomatik sistemler vas\u0131tas\u0131yla analiz edilmesi nedeniyle aleyhinize bir sonucun ortaya \u00e7\u0131kmas\u0131na itiraz etme,<\/li>\n<li>Ki\u015fisel verilerinizin kanuna ayk\u0131r\u0131 i\u015flenmesi sebebiyle zarara u\u011framan\u0131z halinde zarar\u0131n giderilmesini talep etme <br><br> haklar\u0131n\u0131z bulunmaktad\u0131r.<\/li>\n<\/ul>\n<p>&nbsp;<\/p>\n<p>&nbsp;<\/p>\n<p>Yukar\u0131da belirtilen haklar\u0131n\u0131za ili\u015fkin talebinizi; 6698 say\u0131l\u0131 Kanun\u2019un 13. maddesinin 1. f\u0131kras\u0131 ve 30356 say\u0131l\u0131 ve 10.03.2018 tarihli Veri Sorumlusuna Ba\u015fvuru Usul ve Esaslar\u0131 Hakk\u0131nda Tebli\u011f gere\u011fi;<\/p>\n<p>&nbsp;<\/p>\n<ul>\n<li class=\" translation-block\"><span>\u015eirketimiz internet sitesindeki <a href=\"mailto:info@aktiftech.com\" target=\"_self\">info@aktiftech.com<\/a> mail adresine e-posta ile,<\/span><\/li>\n<\/ul>\n<p>&nbsp;<\/p>\n<ul>\n<li class=\" translation-block\">KEP yoluyla yapmak istedi\u011finiz ba\u015fvurular\u0131n\u0131z\u0131 <span><a href=\"mailto:aktifbank@hs03.kep.tr\" target=\"_self\">aktifbank@hs03.kep.tr <\/a><\/span> KEP adresimize,<\/li>\n<\/ul>\n<p>&nbsp;<\/p>\n<ul>\n<li class=\" translation-block\">Yaz\u0131l\u0131 olarak yapmak istedi\u011finiz ba\u015fvurular\u0131n\u0131z\u0131, gerekli belgeleri ekleyerek veri sorumlusu olarak \u015eirketimiz <strong>Esentepe Mah. Kore \u015eehitleri Cad. No: 8\/1 Aktif Bank Genel M\u00fcd\u00fcrl\u00fck \u015ei\u015fli\/\u0130STANBUL<\/strong> adresine verebilirsiniz.<\/li>\n<\/ul>\n<p>&nbsp;<\/p>\n<p>Talebinizin niteli\u011fine g\u00f6re kimlik tespitine olanak sa\u011flayacak bilgi ve belgelerin eksiksiz ve do\u011fru olarak taraf\u0131m\u0131za sa\u011flanmas\u0131 gerekmektedir. \u0130stenilen bilgi ve belgelerin gere\u011fi gibi sa\u011flanmamas\u0131 durumunda, AktifTech taraf\u0131ndan talebinize istinaden yap\u0131lacak ara\u015ft\u0131rmalar\u0131n tam ve nitelikli \u015fekilde y\u00fcr\u00fct\u00fclmesinde aksakl\u0131klar ya\u015fanabilecektir. Bu durumda, AktifTech\u2019in kanuni haklar\u0131n\u0131 sakl\u0131 tuttu\u011funu beyan ederiz. Bu nedenle; ba\u015fvurunuzun, talebinizin niteli\u011fine g\u00f6re eksiksiz ve istenilen bilgileri ve belgeleri i\u00e7erecek \u015fekilde g\u00f6nderilmesi gerekmektedir.<\/p>\n<\/div>\n<p>[\/et_pb_text][\/et_pb_column][\/et_pb_row][\/et_pb_section]<\/p>","protected":false},"excerpt":{"rendered":"<p>AktifTech Teknoloji A.S. Clarification Text On Personal Data Processing &nbsp; This text has been drawn up by Aktiftech Teknoloji A.S. (&#8220;AktifTech&#8221;), acting as the data controller, for the purpose of informing you about the Law Nr.6698 on Protection of Personal Data (the &#8220;Law Nr.6698&#8221;), which has been promulgated on the Official Journal, dated April 07, [&hellip;]<\/p>","protected":false},"author":1,"featured_media":0,"parent":0,"menu_order":0,"comment_status":"closed","ping_status":"closed","template":"","meta":{"_et_pb_use_builder":"on","_et_pb_old_content":"<!-- wp:divi\/placeholder \/-->","_et_gb_content_width":""},"_links":{"self":[{"href":"https:\/\/www.aktiftech.com\/tr\/wp-json\/wp\/v2\/pages\/223251"}],"collection":[{"href":"https:\/\/www.aktiftech.com\/tr\/wp-json\/wp\/v2\/pages"}],"about":[{"href":"https:\/\/www.aktiftech.com\/tr\/wp-json\/wp\/v2\/types\/page"}],"author":[{"embeddable":true,"href":"https:\/\/www.aktiftech.com\/tr\/wp-json\/wp\/v2\/users\/1"}],"replies":[{"embeddable":true,"href":"https:\/\/www.aktiftech.com\/tr\/wp-json\/wp\/v2\/comments?post=223251"}],"version-history":[{"count":6,"href":"https:\/\/www.aktiftech.com\/tr\/wp-json\/wp\/v2\/pages\/223251\/revisions"}],"predecessor-version":[{"id":223273,"href":"https:\/\/www.aktiftech.com\/tr\/wp-json\/wp\/v2\/pages\/223251\/revisions\/223273"}],"wp:attachment":[{"href":"https:\/\/www.aktiftech.com\/tr\/wp-json\/wp\/v2\/media?parent=223251"}],"curies":[{"name":"wp","href":"https:\/\/api.w.org\/{rel}","templated":true}]}}